{"id":3296,"date":"2024-09-27T13:51:10","date_gmt":"2024-09-27T17:51:10","guid":{"rendered":"https:\/\/mhcp.org\/my-calendar\/"},"modified":"2024-09-27T13:53:23","modified_gmt":"2024-09-27T17:53:23","slug":"community-calendar","status":"publish","type":"page","link":"https:\/\/mhcp.org\/pt\/community-calendar\/","title":{"rendered":"Calend\u00e1rio da Comunidade"},"content":{"rendered":"<div id='my-calendar' class='mc-main mcjs listjs gridjs minijs ajaxjs inherit calendar month my-calendar has-modal is-main-view' ><h2 id=\"mc_head_my-calendar\" class=\"heading my-calendar-month\"><span>Events in Abril 2026<\/span><\/h2>\n\n<nav class=\"my-calendar-navigation\" aria-label=\"Calendar (top)\">\n<div class=\"my-calendar-header\"><div class='mc-time'><ul><li><a rel='nofollow' id='mc_month-my-calendar'  href='https:\/\/mhcp.org\/pt\/community-calendar\/?time=month&#038;cid=my-calendar' class='month mc-active' aria-pressed='true'>M\u00eas<\/a><\/li><li><a rel='nofollow' id='mc_week-my-calendar'  href='https:\/\/mhcp.org\/pt\/community-calendar\/?time=week&#038;dy=6&#038;month=4&#038;yr=2026&#038;cid=my-calendar' class='week'>Semana<\/a><\/li><li><a rel='nofollow' id='mc_day-my-calendar'  href='https:\/\/mhcp.org\/pt\/community-calendar\/?time=day&#038;dy=6&#038;cid=my-calendar' class='day'>Dia<\/a><li><\/ul><\/div><div class=\"my-calendar-date-switcher\"><form class=\"mc-date-switcher\" action=\"https:\/\/mhcp.org\/pt\/wp-json\/wp\/v2\/pages\/3296\/\" method=\"get\" data-trp-original-action=\"https:\/\/mhcp.org\/pt\/wp-json\/wp\/v2\/pages\/3296\/\"><div><input type=\"hidden\" name=\"cid\" value=\"my-calendar\" \/> <label class=\"maybe-hide\" for=\"my-calendar-month\">M\u00eas<\/label> <select id=\"my-calendar-month\" name=\"month\">\n<option value='1'>Janeiro<\/option>\n<option value='2'>Fevereiro<\/option>\n<option value='3'>Mar\u00e7o<\/option>\n<option value='4' selected='selected'>Abril<\/option>\n<option value='5'>Maio<\/option>\n<option value='6'>Junho<\/option>\n<option value='7'>Julho<\/option>\n<option value='8'>Agosto<\/option>\n<option value='9'>Setembro<\/option>\n<option value='10'>Outubro<\/option>\n<option value='11'>Novembro<\/option>\n<option value='12'>Dezembro<\/option>\n<\/select>\n <label class=\"maybe-hide\" for=\"my-calendar-year\">Ano<\/label> <select id=\"my-calendar-year\" name=\"yr\">\n<option value=\"2024\">2024<\/option>\n<option value=\"2025\">2025<\/option>\n<option value=\"2026\" selected='selected'>2026<\/option>\n<\/select> <input type=\"submit\" class=\"button\" data-href=\"https:\/\/mhcp.org\/pt\/wp-json\/wp\/v2\/pages\/3296\/\" value=\"Ir\" \/><\/div><input type=\"hidden\" name=\"trp-form-language\" value=\"pt\"\/><\/form><\/div>\r\n\t\t<div class=\"my-calendar-nav\">\r\n\t\t\t<ul>\r\n\t\t\t\t<li class=\"my-calendar-prev\"><a id=\"mc_previous_my-calendar\" href=\"https:\/\/mhcp.org\/pt\/community-calendar\/?yr=2026&#038;month=3&#038;dy&#038;cid=my-calendar&#038;time=month\" rel=\"nofollow\"><span class=\"mc-icon\" aria-hidden=\"true\"><\/span><span class=\"maybe-hide\">Anterior <\/span><\/a><\/li><li class=\"my-calendar-today\"><a id=\"mc_today_my-calendar\" href=\"https:\/\/mhcp.org\/pt\/community-calendar\/?cid=my-calendar\" rel=\"nofollow\" class=\"today mc-active\" aria-current=\"true\"><span class=\"mc-icon\" aria-hidden=\"true\"><\/span>Hoje<\/a><\/li>\r\n\t\t\t<\/ul>\r\n\t\t<\/div><\/div>\n<\/nav>\n<div class=\"mc-content\">\n<table class='my-calendar-table' aria-labelledby='mc_head_my-calendar'>\n<thead>\n\t<tr class='mc-row'>\n\t\t<th scope=\"col\" class='day-heading mon'><abbr title=\"Segunda-feira\" aria-hidden=\"true\">Segmento<\/abbr><span class=\"screen-reader-text\">Segunda-feira<\/span><\/th>\n\n\t\t<th scope=\"col\" class='day-heading tues'><abbr title=\"Ter\u00e7a-feira\" aria-hidden=\"true\">Ter<\/abbr><span class=\"screen-reader-text\">Ter\u00e7a-feira<\/span><\/th>\n\n\t\t<th scope=\"col\" class='day-heading wed'><abbr title=\"Quarta-feira\" aria-hidden=\"true\">Qua<\/abbr><span class=\"screen-reader-text\">Quarta-feira<\/span><\/th>\n\n\t\t<th scope=\"col\" class='day-heading thur'><abbr title=\"Quinta-feira\" aria-hidden=\"true\">Qui<\/abbr><span class=\"screen-reader-text\">Quinta-feira<\/span><\/th>\n\n\t\t<th scope=\"col\" class='day-heading fri'><abbr title=\"Sexta-feira\" aria-hidden=\"true\">Sexo<\/abbr><span class=\"screen-reader-text\">Sexta-feira<\/span><\/th>\n\n\t\t<th scope=\"col\" class='weekend-heading sat'><abbr title=\"S\u00e1bado\" aria-hidden=\"true\">S\u00e1b<\/abbr><span class=\"screen-reader-text\">S\u00e1bado<\/span><\/th>\n\n\t\t<th scope=\"col\" class='weekend-heading sun'><abbr title=\"Domingo\" aria-hidden=\"true\">Dom<\/abbr><span class=\"screen-reader-text\">Domingo<\/span><\/th>\n\t<\/tr>\n<\/thead>\n<tbody>\n<tr class='mc-row'><td class='no-events segunda-feira seg past-day past-date  nextmonth no-events day-with-date'><div class='mc-date-container'><span class='mc-date no-events'><span aria-hidden='true'>30<\/span><span class='screen-reader-text'>Mar\u00e7o 30, 2026<\/span><\/span><\/div>\n<\/td>\n<td class='no-events tera-feira ter past-day past-date  nextmonth no-events day-with-date'><div class='mc-date-container'><span class='mc-date no-events'><span aria-hidden='true'>31<\/span><span class='screen-reader-text'>Mar\u00e7o 31, 2026<\/span><\/span><\/div>\n<\/td>\n<td class='no-events quarta-feira qua past-day past-date   no-events day-with-date'><div class='mc-date-container'><span class='mc-date no-events'><span aria-hidden='true'>1<\/span><span class='screen-reader-text'>Abril 1, 2026<\/span><\/span><\/div>\n<\/td>\n<td class='no-events quinta-feira qui past-day past-date   no-events day-with-date'><div class='mc-date-container'><span class='mc-date no-events'><span aria-hidden='true'>2<\/span><span class='screen-reader-text'>Abril 2, 2026<\/span><\/span><\/div>\n<\/td>\n<td class='no-events sexta-feira sex past-day past-date   no-events day-with-date'><div class='mc-date-container'><span class='mc-date no-events'><span aria-hidden='true'>3<\/span><span class='screen-reader-text'>Abril 3, 2026<\/span><\/span><\/div>\n<\/td>\n<td class='no-events sbado sb past-day past-date weekend  no-events day-with-date'><div class='mc-date-container'><span class='mc-date no-events'><span aria-hidden='true'>4<\/span><span class='screen-reader-text'>Abril 4, 2026<\/span><\/span><\/div>\n<\/td>\n<td class='no-events domingo dom past-day past-date weekend  no-events day-with-date'><div class='mc-date-container'><span class='mc-date no-events'><span aria-hidden='true'>5<\/span><span class='screen-reader-text'>Abril 5, 2026<\/span><\/span><\/div>\n<\/td>\n<\/tr>\n<!-- End Event Row -->\n<tr class='mc-row'><td class='no-events segunda-feira seg past-day past-date   no-events day-with-date'><div class='mc-date-container'><span class='mc-date no-events'><span aria-hidden='true'>6<\/span><span class='screen-reader-text'>Abril 6, 2026<\/span><\/span><\/div>\n<\/td>\n<td class='no-events tera-feira ter past-day past-date   no-events day-with-date'><div class='mc-date-container'><span class='mc-date no-events'><span aria-hidden='true'>7<\/span><span class='screen-reader-text'>Abril 7, 2026<\/span><\/span><\/div>\n<\/td>\n<td class='no-events quarta-feira qua past-day past-date   no-events day-with-date'><div class='mc-date-container'><span class='mc-date no-events'><span aria-hidden='true'>8<\/span><span class='screen-reader-text'>Abril 8, 2026<\/span><\/span><\/div>\n<\/td>\n<td class='no-events quinta-feira qui past-day past-date   no-events day-with-date'><div class='mc-date-container'><span class='mc-date no-events'><span aria-hidden='true'>9<\/span><span class='screen-reader-text'>Abril 9, 2026<\/span><\/span><\/div>\n<\/td>\n<td class='no-events sexta-feira sex past-day past-date   no-events day-with-date'><div class='mc-date-container'><span class='mc-date no-events'><span aria-hidden='true'>10<\/span><span class='screen-reader-text'>Abril 10, 2026<\/span><\/span><\/div>\n<\/td>\n<td class='no-events sbado sb past-day past-date weekend  no-events day-with-date'><div class='mc-date-container'><span class='mc-date no-events'><span aria-hidden='true'>11<\/span><span class='screen-reader-text'>Abril 11, 2026<\/span><\/span><\/div>\n<\/td>\n<td class='no-events domingo dom past-day past-date weekend  no-events day-with-date'><div class='mc-date-container'><span class='mc-date no-events'><span aria-hidden='true'>12<\/span><span class='screen-reader-text'>Abril 12, 2026<\/span><\/span><\/div>\n<\/td>\n<\/tr>\n<!-- End Event Row -->\n<tr class='mc-row'><td class='no-events segunda-feira seg past-day past-date   no-events day-with-date'><div class='mc-date-container'><span class='mc-date no-events'><span aria-hidden='true'>13<\/span><span class='screen-reader-text'>Abril 13, 2026<\/span><\/span><\/div>\n<\/td>\n<td class='no-events tera-feira ter past-day past-date   no-events day-with-date'><div class='mc-date-container'><span class='mc-date no-events'><span aria-hidden='true'>14<\/span><span class='screen-reader-text'>Abril 14, 2026<\/span><\/span><\/div>\n<\/td>\n<td class='no-events quarta-feira qua past-day past-date   no-events day-with-date'><div class='mc-date-container'><span class='mc-date no-events'><span aria-hidden='true'>15<\/span><span class='screen-reader-text'>Abril 15, 2026<\/span><\/span><\/div>\n<\/td>\n<td class='no-events quinta-feira qui past-day past-date   no-events day-with-date'><div class='mc-date-container'><span class='mc-date no-events'><span aria-hidden='true'>16<\/span><span class='screen-reader-text'>Abril 16, 2026<\/span><\/span><\/div>\n<\/td>\n<td class='no-events sexta-feira sex past-day past-date   no-events day-with-date'><div class='mc-date-container'><span class='mc-date no-events'><span aria-hidden='true'>17<\/span><span class='screen-reader-text'>Abril 17, 2026<\/span><\/span><\/div>\n<\/td>\n<td class='no-events sbado sb past-day past-date weekend  no-events day-with-date'><div class='mc-date-container'><span class='mc-date no-events'><span aria-hidden='true'>18<\/span><span class='screen-reader-text'>Abril 18, 2026<\/span><\/span><\/div>\n<\/td>\n<td class='no-events domingo dom past-day past-date weekend  no-events day-with-date'><div class='mc-date-container'><span class='mc-date no-events'><span aria-hidden='true'>19<\/span><span class='screen-reader-text'>Abril 19, 2026<\/span><\/span><\/div>\n<\/td>\n<\/tr>\n<!-- End Event Row -->\n<tr class='mc-row'><td class='no-events segunda-feira seg past-day past-date   no-events day-with-date'><div class='mc-date-container'><span class='mc-date no-events'><span aria-hidden='true'>20<\/span><span class='screen-reader-text'>Abril 20, 2026<\/span><\/span><\/div>\n<\/td>\n<td class='no-events tera-feira ter past-day past-date   no-events day-with-date'><div class='mc-date-container'><span class='mc-date no-events'><span aria-hidden='true'>21<\/span><span class='screen-reader-text'>Abril 21, 2026<\/span><\/span><\/div>\n<\/td>\n<td class='no-events quarta-feira qua past-day past-date   no-events day-with-date'><div class='mc-date-container'><span class='mc-date no-events'><span aria-hidden='true'>22<\/span><span class='screen-reader-text'>Abril 22, 2026<\/span><\/span><\/div>\n<\/td>\n<td class='no-events quinta-feira qui past-day past-date   no-events day-with-date'><div class='mc-date-container'><span class='mc-date no-events'><span aria-hidden='true'>23<\/span><span class='screen-reader-text'>Abril 23, 2026<\/span><\/span><\/div>\n<\/td>\n<td class='no-events sexta-feira sex past-day past-date   no-events day-with-date'><div class='mc-date-container'><span class='mc-date no-events'><span aria-hidden='true'>24<\/span><span class='screen-reader-text'>Abril 24, 2026<\/span><\/span><\/div>\n<\/td>\n<td class='no-events sbado sb past-day past-date weekend  no-events day-with-date'><div class='mc-date-container'><span class='mc-date no-events'><span aria-hidden='true'>25<\/span><span class='screen-reader-text'>Abril 25, 2026<\/span><\/span><\/div>\n<\/td>\n<td class='no-events domingo dom past-day past-date weekend  no-events day-with-date'><div class='mc-date-container'><span class='mc-date no-events'><span aria-hidden='true'>26<\/span><span class='screen-reader-text'>Abril 26, 2026<\/span><\/span><\/div>\n<\/td>\n<\/tr>\n<!-- End Event Row -->\n<tr class='mc-row'><td class='no-events segunda-feira seg past-day past-date   no-events day-with-date'><div class='mc-date-container'><span class='mc-date no-events'><span aria-hidden='true'>27<\/span><span class='screen-reader-text'>Abril 27, 2026<\/span><\/span><\/div>\n<\/td>\n<td class='no-events tera-feira ter past-day past-date   no-events day-with-date'><div class='mc-date-container'><span class='mc-date no-events'><span aria-hidden='true'>28<\/span><span class='screen-reader-text'>Abril 28, 2026<\/span><\/span><\/div>\n<\/td>\n<td aria-current=\"date\" class='no-events quarta-feira qua current-day   no-events day-with-date'><div class='mc-date-container'><span class='mc-date no-events'><span aria-hidden='true'>29<\/span><span class='screen-reader-text'>Abril 29, 2026<\/span><\/span><\/div>\n<\/td>\n<td class='no-events quinta-feira qui future-day   no-events day-with-date'><div class='mc-date-container'><span class='mc-date no-events'><span aria-hidden='true'>30<\/span><span class='screen-reader-text'>Abril 30, 2026<\/span><\/span><\/div>\n<\/td>\n<td class='no-events sexta-feira sex future-day  nextmonth no-events day-with-date'><div class='mc-date-container'><span class='mc-date no-events'><span aria-hidden='true'>1<\/span><span class='screen-reader-text'>Maio 1, 2026<\/span><\/span><\/div>\n<\/td>\n<td class='no-events sbado sb future-day weekend nextmonth no-events day-with-date'><div class='mc-date-container'><span class='mc-date no-events'><span aria-hidden='true'>2<\/span><span class='screen-reader-text'>Maio 2, 2026<\/span><\/span><\/div>\n<\/td>\n<td class='no-events domingo dom future-day weekend nextmonth no-events day-with-date'><div class='mc-date-container'><span class='mc-date no-events'><span aria-hidden='true'>3<\/span><span class='screen-reader-text'>Maio 3, 2026<\/span><\/span><\/div>\n<\/td>\n<\/tr>\n<!-- End Event Row -->\n\n<\/tbody>\n<\/table><\/div><!-- .mc-content -->\r\n<\/div><!-- Close Main My Calendar Wrapper -->","protected":false},"excerpt":{"rendered":"","protected":false},"author":2,"featured_media":0,"parent":0,"menu_order":0,"comment_status":"closed","ping_status":"closed","template":"","meta":{"_mc_calendar":{"weekends":"true","shortcode":"[my_calendar weekends=&quot;true&quot;]","append":""},"footnotes":""},"class_list":["post-3296","page","type-page","status-publish","hentry"],"yoast_head":"<!-- This site is optimized with the Yoast SEO plugin v26.2 - https:\/\/yoast.com\/wordpress\/plugins\/seo\/ -->\n<title>Community Calendar - Mental Health Center of Passaic<\/title>\n<meta name=\"robots\" content=\"index, follow, max-snippet:-1, max-image-preview:large, max-video-preview:-1\" \/>\n<link rel=\"canonical\" href=\"https:\/\/mhcp.org\/pt\/community-calendar\/\" \/>\n<meta property=\"og:locale\" content=\"pt_PT\" \/>\n<meta property=\"og:type\" content=\"article\" \/>\n<meta property=\"og:title\" content=\"Community Calendar - Mental Health Center of Passaic\" \/>\n<meta property=\"og:url\" content=\"https:\/\/mhcp.org\/pt\/community-calendar\/\" \/>\n<meta property=\"og:site_name\" content=\"Mental Health Center of Passaic\" \/>\n<meta property=\"article:modified_time\" content=\"2024-09-27T17:53:23+00:00\" \/>\n<meta name=\"twitter:card\" content=\"summary_large_image\" \/>\n<meta name=\"twitter:label1\" content=\"Tempo estimado de leitura\" \/>\n\t<meta name=\"twitter:data1\" content=\"2 minutos\" \/>\n<script type=\"application\/ld+json\" class=\"yoast-schema-graph\">{\"@context\":\"https:\/\/schema.org\",\"@graph\":[{\"@type\":\"WebPage\",\"@id\":\"https:\/\/mhcp.org\/es\/community-calendar\/\",\"url\":\"https:\/\/mhcp.org\/es\/community-calendar\/\",\"name\":\"Community Calendar - Mental Health Center of Passaic\",\"isPartOf\":{\"@id\":\"https:\/\/mhcp.org\/#website\"},\"datePublished\":\"2024-09-27T17:51:10+00:00\",\"dateModified\":\"2024-09-27T17:53:23+00:00\",\"breadcrumb\":{\"@id\":\"https:\/\/mhcp.org\/es\/community-calendar\/#breadcrumb\"},\"inLanguage\":\"pt-PT\",\"potentialAction\":[{\"@type\":\"ReadAction\",\"target\":[\"https:\/\/mhcp.org\/es\/community-calendar\/\"]}]},{\"@type\":\"BreadcrumbList\",\"@id\":\"https:\/\/mhcp.org\/es\/community-calendar\/#breadcrumb\",\"itemListElement\":[{\"@type\":\"ListItem\",\"position\":1,\"name\":\"Home\",\"item\":\"https:\/\/mhcp.org\/\"},{\"@type\":\"ListItem\",\"position\":2,\"name\":\"Community Calendar\"}]},{\"@type\":\"WebSite\",\"@id\":\"https:\/\/mhcp.org\/#website\",\"url\":\"https:\/\/mhcp.org\/\",\"name\":\"Mental Health Center of Passaic\",\"description\":\"The Mission of the Mental Health Center of Passaic is to provide comprehensive outpatient and school- based services to children, adults and families who are experiencing emotional and\/or behavioral difficulties.\",\"potentialAction\":[{\"@type\":\"SearchAction\",\"target\":{\"@type\":\"EntryPoint\",\"urlTemplate\":\"https:\/\/mhcp.org\/?s={search_term_string}\"},\"query-input\":{\"@type\":\"PropertyValueSpecification\",\"valueRequired\":true,\"valueName\":\"search_term_string\"}}],\"inLanguage\":\"pt-PT\"}]}<\/script>\n<!-- \/ Yoast SEO plugin. -->","yoast_head_json":{"title":"Calend\u00e1rio Comunit\u00e1rio - Centro de Sa\u00fade Mental de Passaic","robots":{"index":"index","follow":"follow","max-snippet":"max-snippet:-1","max-image-preview":"max-image-preview:large","max-video-preview":"max-video-preview:-1"},"canonical":"https:\/\/mhcp.org\/pt\/community-calendar\/","og_locale":"pt_PT","og_type":"article","og_title":"Community Calendar - Mental Health Center of Passaic","og_url":"https:\/\/mhcp.org\/pt\/community-calendar\/","og_site_name":"Mental Health Center of Passaic","article_modified_time":"2024-09-27T17:53:23+00:00","twitter_card":"summary_large_image","twitter_misc":{"Tempo estimado de leitura":"2 minutos"},"schema":{"@context":"https:\/\/schema.org","@graph":[{"@type":"WebPage","@id":"https:\/\/mhcp.org\/es\/community-calendar\/","url":"https:\/\/mhcp.org\/es\/community-calendar\/","name":"Calend\u00e1rio Comunit\u00e1rio - Centro de Sa\u00fade Mental de Passaic","isPartOf":{"@id":"https:\/\/mhcp.org\/#website"},"datePublished":"2024-09-27T17:51:10+00:00","dateModified":"2024-09-27T17:53:23+00:00","breadcrumb":{"@id":"https:\/\/mhcp.org\/es\/community-calendar\/#breadcrumb"},"inLanguage":"pt-PT","potentialAction":[{"@type":"ReadAction","target":["https:\/\/mhcp.org\/es\/community-calendar\/"]}]},{"@type":"BreadcrumbList","@id":"https:\/\/mhcp.org\/es\/community-calendar\/#breadcrumb","itemListElement":[{"@type":"ListItem","position":1,"name":"Home","item":"https:\/\/mhcp.org\/"},{"@type":"ListItem","position":2,"name":"Community Calendar"}]},{"@type":"WebSite","@id":"https:\/\/mhcp.org\/#website","url":"https:\/\/mhcp.org\/","name":"Centro de Sa\u00fade Mental de Passaic","description":"The Mission of the Mental Health Center of Passaic is to provide comprehensive outpatient and school- based services to children, adults and families who are experiencing emotional and\/or behavioral difficulties.","potentialAction":[{"@type":"SearchAction","target":{"@type":"EntryPoint","urlTemplate":"https:\/\/mhcp.org\/?s={search_term_string}"},"query-input":{"@type":"PropertyValueSpecification","valueRequired":true,"valueName":"search_term_string"}}],"inLanguage":"pt-PT"}]}},"_links":{"self":[{"href":"https:\/\/mhcp.org\/pt\/wp-json\/wp\/v2\/pages\/3296","targetHints":{"allow":["GET"]}}],"collection":[{"href":"https:\/\/mhcp.org\/pt\/wp-json\/wp\/v2\/pages"}],"about":[{"href":"https:\/\/mhcp.org\/pt\/wp-json\/wp\/v2\/types\/page"}],"author":[{"embeddable":true,"href":"https:\/\/mhcp.org\/pt\/wp-json\/wp\/v2\/users\/2"}],"replies":[{"embeddable":true,"href":"https:\/\/mhcp.org\/pt\/wp-json\/wp\/v2\/comments?post=3296"}],"version-history":[{"count":3,"href":"https:\/\/mhcp.org\/pt\/wp-json\/wp\/v2\/pages\/3296\/revisions"}],"predecessor-version":[{"id":3302,"href":"https:\/\/mhcp.org\/pt\/wp-json\/wp\/v2\/pages\/3296\/revisions\/3302"}],"wp:attachment":[{"href":"https:\/\/mhcp.org\/pt\/wp-json\/wp\/v2\/media?parent=3296"}],"curies":[{"name":"wp","href":"https:\/\/api.w.org\/{rel}","templated":true}]}}