{"id":481,"date":"2020-10-15T17:40:45","date_gmt":"2020-10-15T17:40:45","guid":{"rendered":"http:\/\/mhcpcounseling.com\/?page_id=481"},"modified":"2025-01-29T09:36:28","modified_gmt":"2025-01-29T14:36:28","slug":"intensive-in-community-services","status":"publish","type":"page","link":"https:\/\/mhcp.org\/pt\/intensive-in-community-services\/","title":{"rendered":"Servi\u00e7os Intensivos na Comunidade"},"content":{"rendered":"<p><div class=\"fusion-fullwidth fullwidth-box fusion-builder-row-1 fusion-flex-container nonhundred-percent-fullwidth non-hundred-percent-height-scrolling\" style=\"--awb-border-radius-top-left:0px;--awb-border-radius-top-right:0px;--awb-border-radius-bottom-right:0px;--awb-border-radius-bottom-left:0px;--awb-margin-top:-27px;--awb-flex-wrap:wrap;\" ><div class=\"fusion-builder-row fusion-row fusion-flex-align-items-flex-start fusion-flex-content-wrap\" style=\"max-width:1456px;margin-left: calc(-4% \/ 2 );margin-right: calc(-4% \/ 2 );\"><div class=\"fusion-layout-column fusion_builder_column fusion-builder-column-0 fusion_builder_column_1_1 1_1 fusion-flex-column\" style=\"--awb-bg-size:cover;--awb-width-large:100%;--awb-margin-top-large:0px;--awb-spacing-right-large:1.92%;--awb-margin-bottom-large:20px;--awb-spacing-left-large:1.92%;--awb-width-medium:100%;--awb-order-medium:0;--awb-spacing-right-medium:1.92%;--awb-spacing-left-medium:1.92%;--awb-width-small:100%;--awb-order-small:0;--awb-spacing-right-small:1.92%;--awb-spacing-left-small:1.92%;\"><div class=\"fusion-column-wrapper fusion-column-has-shadow fusion-flex-justify-content-flex-start fusion-content-layout-column\">\n<div class=\"fusion-slider-revolution rev_slider_wrapper\">\t\t\t<!-- START Counseling Services REVOLUTION SLIDER 6.7.37 --><p class=\"rs-p-wp-fix\"><\/p>\n\t\t\t<rs-module-wrap id=\"rev_slider_8_1_wrapper\" data-source=\"gallery\" style=\"visibility:hidden;background:transparent;padding:0;margin:0px auto;margin-top:0;margin-bottom:0;\">\n\t\t\t\t<rs-module id=\"rev_slider_8_1\" style=\"\" data-version=\"6.7.37\">\n\t\t\t\t\t<rs-slides style=\"overflow: hidden; position: absolute;\">\n\t\t\t\t\t\t<rs-slide style=\"position: absolute;\" data-key=\"rs-8\" data-title=\"Slide\" data-in=\"o:1;\" data-out=\"o:1;\">\n\t\t\t\t\t\t\t<img decoding=\"async\" src=\"\/\/mhcp.org\/wp-content\/plugins\/revslider\/sr6\/assets\/assets\/dummy.png\" alt=\"\" title=\"Cl\u00ednica de Sa\u00fade Mental de Passaic NJ MHCP\" width=\"1650\" height=\"352\" class=\"rev-slidebg tp-rs-img rs-lazyload\" data-lazyload=\"\/\/mhcp.org\/wp-content\/uploads\/2020\/10\/Mental-Health-Clinic-of-Passaic-NJ-MHCP.jpg\" data-no-retina>\n<!---->\t\t\t\t\t<\/rs-slide>\n\t\t\t\t\t<\/rs-slides>\n\t\t\t\t<\/rs-module>\n\t\t\t\t<script>\n\t\t\t\t\tsetREVStartSize({c: 'rev_slider_8_1',rl:[1240,1024,778,480],el:[345,768,400,250],gw:[1400,1024,778,480],gh:[345,352,300,250],type:'standard',justify:'',layout:'fullwidth',mh:\"0\"});if (window.RS_MODULES!==undefined && window.RS_MODULES.modules!==undefined && window.RS_MODULES.modules[\"revslider81\"]!==undefined) {window.RS_MODULES.modules[\"revslider81\"].once = false;window.revapi8 = undefined;if (window.RS_MODULES.checkMinimal!==undefined) window.RS_MODULES.checkMinimal()}\n\t\t\t\t<\/script>\n\t\t\t<\/rs-module-wrap>\n\t\t\t<!-- END REVOLUTION SLIDER -->\n<\/div><\/div><\/div><\/div><\/div><div class=\"fusion-fullwidth fullwidth-box fusion-builder-row-2 fusion-flex-container nonhundred-percent-fullwidth non-hundred-percent-height-scrolling\" style=\"--awb-border-radius-top-left:0px;--awb-border-radius-top-right:0px;--awb-border-radius-bottom-right:0px;--awb-border-radius-bottom-left:0px;--awb-margin-top:20px;--awb-flex-wrap:wrap;\" ><div class=\"fusion-builder-row fusion-row fusion-flex-align-items-flex-start fusion-flex-content-wrap\" style=\"max-width:1456px;margin-left: calc(-4% \/ 2 );margin-right: calc(-4% \/ 2 );\"><div class=\"fusion-layout-column fusion_builder_column fusion-builder-column-1 fusion_builder_column_1_1 1_1 fusion-flex-column\" style=\"--awb-bg-size:cover;--awb-width-large:100%;--awb-margin-top-large:0px;--awb-spacing-right-large:1.92%;--awb-margin-bottom-large:20px;--awb-spacing-left-large:1.92%;--awb-width-medium:100%;--awb-order-medium:0;--awb-spacing-right-medium:1.92%;--awb-spacing-left-medium:1.92%;--awb-width-small:100%;--awb-order-small:0;--awb-spacing-right-small:1.92%;--awb-spacing-left-small:1.92%;\"><div class=\"fusion-column-wrapper fusion-column-has-shadow fusion-flex-justify-content-flex-start fusion-content-layout-column\"><div class=\"fusion-text fusion-text-1\"><h1 style=\"text-align: center;\">Servi\u00e7os Intensivos na Comunidade<\/h1>\n<\/div><\/div><\/div><div class=\"fusion-layout-column fusion_builder_column fusion-builder-column-2 fusion_builder_column_1_3 1_3 fusion-flex-column\" style=\"--awb-bg-size:cover;--awb-width-large:33.333333333333%;--awb-margin-top-large:0px;--awb-spacing-right-large:5.76%;--awb-margin-bottom-large:20px;--awb-spacing-left-large:5.76%;--awb-width-medium:33.333333333333%;--awb-order-medium:0;--awb-spacing-right-medium:5.76%;--awb-spacing-left-medium:5.76%;--awb-width-small:100%;--awb-order-small:0;--awb-spacing-right-small:1.92%;--awb-spacing-left-small:1.92%;\"><div class=\"fusion-column-wrapper fusion-column-has-shadow fusion-flex-justify-content-flex-start fusion-content-layout-column\"><div class=\"fusion-text fusion-text-2\"><p><img decoding=\"async\" class=\"aligncenter size-full wp-image-484\" src=\"http:\/\/mhcpcounseling.com\/wp-content\/uploads\/2020\/10\/Intensive-In-Community-Services-Mental-Health-Clinic-Passaic-sm.jpg\" alt=\"\" width=\"485\" height=\"250\" srcset=\"https:\/\/mhcp.org\/wp-content\/uploads\/2020\/10\/Intensive-In-Community-Services-Mental-Health-Clinic-Passaic-sm-200x103.jpg 200w, https:\/\/mhcp.org\/wp-content\/uploads\/2020\/10\/Intensive-In-Community-Services-Mental-Health-Clinic-Passaic-sm-300x155.jpg 300w, https:\/\/mhcp.org\/wp-content\/uploads\/2020\/10\/Intensive-In-Community-Services-Mental-Health-Clinic-Passaic-sm-400x206.jpg 400w, https:\/\/mhcp.org\/wp-content\/uploads\/2020\/10\/Intensive-In-Community-Services-Mental-Health-Clinic-Passaic-sm.jpg 485w\" sizes=\"(max-width: 485px) 100vw, 485px\" \/><\/p>\n<\/div><\/div><\/div><div class=\"fusion-layout-column fusion_builder_column fusion-builder-column-3 fusion_builder_column_2_3 2_3 fusion-flex-column\" style=\"--awb-bg-size:cover;--awb-width-large:66.666666666667%;--awb-margin-top-large:0px;--awb-spacing-right-large:2.88%;--awb-margin-bottom-large:20px;--awb-spacing-left-large:2.88%;--awb-width-medium:66.666666666667%;--awb-order-medium:0;--awb-spacing-right-medium:2.88%;--awb-spacing-left-medium:2.88%;--awb-width-small:100%;--awb-order-small:0;--awb-spacing-right-small:1.92%;--awb-spacing-left-small:1.92%;\"><div class=\"fusion-column-wrapper fusion-column-has-shadow fusion-flex-justify-content-flex-start fusion-content-layout-column\"><div class=\"fusion-text fusion-text-3\"><p>Os Servi\u00e7os Intensivos na Comunidade s\u00e3o parte de um programa financiado pelo Estado de NJ por meio do Sistema de Cuidados para Crian\u00e7as de NJ e do Administrador do Sistema Contratado, PerformCare. O programa oferece servi\u00e7os terap\u00eauticos em lares e comunidades de jovens que passaram por um epis\u00f3dio de sa\u00fade comportamental ou trauma significativo. Recebemos refer\u00eancias atrav\u00e9s das Organiza\u00e7\u00f5es de Gest\u00e3o de Cuidados dos condados e dos Servi\u00e7os de Estabiliza\u00e7\u00e3o de Resposta M\u00f3vel. Nossos m\u00e9dicos licenciados e atenciosos fornecem terapia individual e \/ ou familiar usando interven\u00e7\u00f5es cl\u00ednicas que s\u00e3o culturalmente sens\u00edveis. Os m\u00e9dicos s\u00e3o treinados na Abordagem do Cora\u00e7\u00e3o Nutrido, Trauma da Crian\u00e7a e do Adolescente e outras \u00e1reas de sa\u00fade comportamental.<\/p>\n<\/div><\/div><\/div><\/div><\/div><div class=\"fusion-fullwidth fullwidth-box fusion-builder-row-3 fusion-flex-container nonhundred-percent-fullwidth non-hundred-percent-height-scrolling\" style=\"--awb-border-radius-top-left:0px;--awb-border-radius-top-right:0px;--awb-border-radius-bottom-right:0px;--awb-border-radius-bottom-left:0px;--awb-padding-top:2%;--awb-padding-bottom:1%;--awb-margin-top:20px;--awb-margin-bottom:30px;--awb-background-color:#86aa41;--awb-flex-wrap:wrap;\" ><div class=\"fusion-builder-row fusion-row fusion-flex-align-items-flex-start fusion-flex-content-wrap\" style=\"max-width:1456px;margin-left: calc(-4% \/ 2 );margin-right: calc(-4% \/ 2 );\"><div class=\"fusion-layout-column fusion_builder_column fusion-builder-column-4 fusion_builder_column_2_3 2_3 fusion-flex-column\" style=\"--awb-bg-size:cover;--awb-width-large:66.666666666667%;--awb-margin-top-large:0px;--awb-spacing-right-large:2.88%;--awb-margin-bottom-large:20px;--awb-spacing-left-large:2.88%;--awb-width-medium:66.666666666667%;--awb-order-medium:0;--awb-spacing-right-medium:2.88%;--awb-spacing-left-medium:2.88%;--awb-width-small:100%;--awb-order-small:0;--awb-spacing-right-small:1.92%;--awb-spacing-left-small:1.92%;\"><div class=\"fusion-column-wrapper fusion-column-has-shadow fusion-flex-justify-content-flex-start fusion-content-layout-column\"><div class=\"fusion-text fusion-text-4\"><h1><span style=\"color: #ffffff;\">A Abordagem do Cora\u00e7\u00e3o Nutrido cria oportunidades para discuss\u00f5es abertas e honestas sobre as quest\u00f5es que envolvem sua fam\u00edlia hoje.<br \/>\n<\/span><\/h1>\n<\/div><\/div><\/div><div class=\"fusion-layout-column fusion_builder_column fusion-builder-column-5 fusion_builder_column_1_3 1_3 fusion-flex-column fusion-flex-align-self-center\" style=\"--awb-bg-size:cover;--awb-width-large:33.333333333333%;--awb-margin-top-large:0px;--awb-spacing-right-large:5.76%;--awb-margin-bottom-large:20px;--awb-spacing-left-large:5.76%;--awb-width-medium:33.333333333333%;--awb-order-medium:0;--awb-spacing-right-medium:5.76%;--awb-spacing-left-medium:5.76%;--awb-width-small:100%;--awb-order-small:0;--awb-spacing-right-small:1.92%;--awb-spacing-left-small:1.92%;\"><div class=\"fusion-column-wrapper fusion-column-has-shadow fusion-flex-justify-content-center fusion-content-layout-column\"><div style=\"text-align:center;\"><a class=\"fusion-button button-flat button-xlarge button-custom fusion-button-default button-1 fusion-button-default-span fusion-button-default-type fusion-has-button-gradient\" style=\"--button_accent_color:#ffffff;--button_accent_hover_color:#ffffff;--button_border_hover_color:#ffffff;--button_gradient_top_color:#006d2f;--button_gradient_bottom_color:#006d2f;--button_gradient_top_color_hover:#8bc600;--button_gradient_bottom_color_hover:#6faa00;--button_text_transform:uppercase;\" target=\"_blank\" rel=\"noopener noreferrer\" href=\"https:\/\/childrenssuccessfoundation.com\/\"><span class=\"fusion-button-text awb-button__text awb-button__text--default\">SABER MAIS<\/span><\/a><\/div><\/div><\/div><\/div><\/div><div class=\"fusion-fullwidth fullwidth-box fusion-builder-row-4 fusion-flex-container nonhundred-percent-fullwidth non-hundred-percent-height-scrolling\" style=\"--awb-border-radius-top-left:0px;--awb-border-radius-top-right:0px;--awb-border-radius-bottom-right:0px;--awb-border-radius-bottom-left:0px;--awb-margin-top:40px;--awb-margin-bottom:-30px;--awb-flex-wrap:wrap;\" ><div class=\"fusion-builder-row fusion-row fusion-flex-align-items-flex-start fusion-flex-content-wrap\" style=\"max-width:1456px;margin-left: calc(-4% \/ 2 );margin-right: calc(-4% \/ 2 );\"><div class=\"fusion-layout-column fusion_builder_column fusion-builder-column-6 fusion_builder_column_1_1 1_1 fusion-flex-column\" style=\"--awb-bg-size:cover;--awb-width-large:100%;--awb-margin-top-large:0px;--awb-spacing-right-large:1.92%;--awb-margin-bottom-large:20px;--awb-spacing-left-large:1.92%;--awb-width-medium:100%;--awb-order-medium:0;--awb-spacing-right-medium:1.92%;--awb-spacing-left-medium:1.92%;--awb-width-small:100%;--awb-order-small:0;--awb-spacing-right-small:1.92%;--awb-spacing-left-small:1.92%;\"><div class=\"fusion-column-wrapper fusion-column-has-shadow fusion-flex-justify-content-flex-start fusion-content-layout-column\"><div class=\"fusion-text fusion-text-5\"><h1 style=\"text-align: center;\">LOCALIZA\u00c7\u00d5ES<\/h1>\n<\/div><\/div><\/div><div class=\"fusion-layout-column fusion_builder_column fusion-builder-column-7 fusion_builder_column_1_5 1_5 fusion-flex-column\" style=\"--awb-bg-size:cover;--awb-width-large:20%;--awb-margin-top-large:0px;--awb-spacing-right-large:9.6%;--awb-margin-bottom-large:20px;--awb-spacing-left-large:9.6%;--awb-width-medium:20%;--awb-order-medium:0;--awb-spacing-right-medium:9.6%;--awb-spacing-left-medium:9.6%;--awb-width-small:100%;--awb-order-small:0;--awb-spacing-right-small:1.92%;--awb-spacing-left-small:1.92%;\"><div class=\"fusion-column-wrapper fusion-column-has-shadow fusion-flex-justify-content-flex-start fusion-content-layout-column\"><div class=\"fusion-text fusion-text-6\"><p style=\"text-align: center;\">Avenida Van Houten, 1451<br \/>\nClifton, NJ 07013<br \/>\nTelefone: <a href=\"tel: 9734732775\">973-473-2775<\/a><br \/>\n<a href=\"https:\/\/www.google.com\/maps\/place\/1451+Van+Houten+Ave,+Clifton,+NJ+07013\/@40.8748617,-74.1799733,17z\/data=!3m1!4b1!4m5!3m4!1s0x89c2fe5bc4764131:0xdd3043404c28ec5d!8m2!3d40.8748617!4d-74.1777846\" target=\"_blank\" rel=\"noopener noreferrer\"><strong>Obter dire\u00e7\u00f5es<\/strong><\/a><\/p>\n<\/div><\/div><\/div><div class=\"fusion-layout-column fusion_builder_column fusion-builder-column-8 fusion_builder_column_1_5 1_5 fusion-flex-column\" style=\"--awb-bg-size:cover;--awb-width-large:20%;--awb-margin-top-large:0px;--awb-spacing-right-large:9.6%;--awb-margin-bottom-large:20px;--awb-spacing-left-large:9.6%;--awb-width-medium:20%;--awb-order-medium:0;--awb-spacing-right-medium:9.6%;--awb-spacing-left-medium:9.6%;--awb-width-small:100%;--awb-order-small:0;--awb-spacing-right-small:1.92%;--awb-spacing-left-small:1.92%;\"><div class=\"fusion-column-wrapper fusion-column-has-shadow fusion-flex-justify-content-flex-start fusion-content-layout-column\"><div class=\"fusion-text fusion-text-7\"><p style=\"text-align: center;\">111 Lexington Ave<br \/>\nPassaic, NJ 07055<br \/>\nTelefone: <a href=\"tel: 9734718006\">973-471-8006<\/a><br \/>\n<a href=\"https:\/\/www.google.com\/maps\/place\/111+Lexington+Ave,+Passaic,+NJ+07055\/data=!4m2!3m1!1s0x89c2fecda3063751:0xbd76a1a364aad402?sa=X&amp;ved=2ahUKEwiCuemfwt_rAhVXknIEHTY_DSIQ8gEwAHoECAsQAQ\" target=\"_blank\" rel=\"noopener noreferrer\"><strong>Obter dire\u00e7\u00f5es<\/strong><\/a><\/p>\n<\/div><\/div><\/div><div class=\"fusion-layout-column fusion_builder_column fusion-builder-column-9 fusion_builder_column_1_5 1_5 fusion-flex-column\" style=\"--awb-bg-size:cover;--awb-width-large:20%;--awb-margin-top-large:0px;--awb-spacing-right-large:9.6%;--awb-margin-bottom-large:20px;--awb-spacing-left-large:9.6%;--awb-width-medium:20%;--awb-order-medium:0;--awb-spacing-right-medium:9.6%;--awb-spacing-left-medium:9.6%;--awb-width-small:100%;--awb-order-small:0;--awb-spacing-right-small:1.92%;--awb-spacing-left-small:1.92%;\"><div class=\"fusion-column-wrapper fusion-column-has-shadow fusion-flex-justify-content-flex-start fusion-content-layout-column\"><div class=\"fusion-text fusion-text-8\"><p style=\"text-align: center;\">185 Paulison Ave<br \/>\nPassaic, NJ 07055<br \/>\nTelefone: <a href=\"tel: 9734732408\">973-473-2408<\/a><br \/>\n<a href=\"https:\/\/www.google.com\/maps\/place\/185+Paulison+Ave,+Passaic,+NJ+07055\/data=!4m2!3m1!1s0x89c2fed5c080da8d:0xa170306e414596ac?sa=X&amp;ved=2ahUKEwiFsdyswt_rAhUGl3IEHfa_C8IQ8gEwAHoECAsQAQ\" target=\"_blank\" rel=\"noopener noreferrer\"><strong>Obter dire\u00e7\u00f5es<\/strong><\/a><\/p>\n<\/div><\/div><\/div><div class=\"fusion-layout-column fusion_builder_column fusion-builder-column-10 fusion_builder_column_1_5 1_5 fusion-flex-column\" style=\"--awb-bg-size:cover;--awb-width-large:20%;--awb-margin-top-large:0px;--awb-spacing-right-large:9.6%;--awb-margin-bottom-large:20px;--awb-spacing-left-large:9.6%;--awb-width-medium:20%;--awb-order-medium:0;--awb-spacing-right-medium:9.6%;--awb-spacing-left-medium:9.6%;--awb-width-small:100%;--awb-order-small:0;--awb-spacing-right-small:1.92%;--awb-spacing-left-small:1.92%;\"><div class=\"fusion-column-wrapper fusion-column-has-shadow fusion-flex-justify-content-flex-start fusion-content-layout-column\"><div class=\"fusion-text fusion-text-9\"><p style=\"text-align: center;\">124 Gregory Ave<br \/>\nPassaic, NJ 07055<br \/>\nTelefone: <a href=\"tel: 9739287244\">973-928-7244<\/a><br \/>\n<a href=\"https:\/\/www.google.com\/maps\/place\/124+Gregory+Ave,+Passaic,+NJ+07055\/data=!4m2!3m1!1s0x89c2fed520be9d13:0xc10369042bbf7638?sa=X&amp;ved=2ahUKEwiFzNK6wt_rAhV9hXIEHT2PC9wQ8gEwAHoECAsQAQ\" target=\"_blank\" rel=\"noopener noreferrer\"><strong>Obter dire\u00e7\u00f5es<\/strong><\/a><\/p>\n<\/div><\/div><\/div><div class=\"fusion-layout-column fusion_builder_column fusion-builder-column-11 fusion_builder_column_1_5 1_5 fusion-flex-column\" style=\"--awb-bg-size:cover;--awb-width-large:20%;--awb-margin-top-large:0px;--awb-spacing-right-large:9.6%;--awb-margin-bottom-large:20px;--awb-spacing-left-large:9.6%;--awb-width-medium:20%;--awb-order-medium:0;--awb-spacing-right-medium:9.6%;--awb-spacing-left-medium:9.6%;--awb-width-small:100%;--awb-order-small:0;--awb-spacing-right-small:1.92%;--awb-spacing-left-small:1.92%;\"><div class=\"fusion-column-wrapper fusion-column-has-shadow fusion-flex-justify-content-flex-start fusion-content-layout-column\"><div class=\"fusion-text fusion-text-10\"><p style=\"text-align: center;\">108-114 Hoover Ave<br \/>\nPassaic, NJ 07055<br \/>\n<a href=\"tel:9737375800\">973-737-5800<\/a><br \/>\n<strong><a href=\"https:\/\/www.google.com\/maps\/place\/108+Hoover+Ave+%23114,+Passaic,+NJ+07055\/@40.8657408,-74.1291103,17z\/data=!3m1!4b1!4m5!3m4!1s0x89c2fecd0a75cd87:0x5923d703a84448fc!8m2!3d40.8657408!4d-74.1269216\" target=\"_blank\" rel=\"noopener\">Obter dire\u00e7\u00f5es<\/a><\/strong><\/p>\n<\/div><\/div><\/div><\/div><\/div><\/p>","protected":false},"excerpt":{"rendered":"","protected":false},"author":1,"featured_media":0,"parent":0,"menu_order":0,"comment_status":"closed","ping_status":"closed","template":"100-width.php","meta":{"_mc_calendar":[],"footnotes":""},"class_list":["post-481","page","type-page","status-publish","hentry"],"yoast_head":"<!-- This site is optimized with the Yoast SEO plugin v26.2 - https:\/\/yoast.com\/wordpress\/plugins\/seo\/ -->\n<title>Intensive In-Community Services - Mental Health Center of Passaic<\/title>\n<meta name=\"description\" content=\"All adolescents need help navigating through their teen years. At SBYS we collaborate with the Passaic Public Schools to help your child succeed.\" \/>\n<meta name=\"robots\" content=\"index, follow, max-snippet:-1, max-image-preview:large, max-video-preview:-1\" \/>\n<link rel=\"canonical\" href=\"https:\/\/mhcp.org\/pt\/intensive-in-community-services\/\" \/>\n<meta property=\"og:locale\" content=\"pt_PT\" \/>\n<meta property=\"og:type\" content=\"article\" \/>\n<meta property=\"og:title\" content=\"Intensive In-Community Services - Mental Health Center of Passaic\" \/>\n<meta property=\"og:description\" content=\"All adolescents need help navigating through their teen years. At SBYS we collaborate with the Passaic Public Schools to help your child succeed.\" \/>\n<meta property=\"og:url\" content=\"https:\/\/mhcp.org\/pt\/intensive-in-community-services\/\" \/>\n<meta property=\"og:site_name\" content=\"Mental Health Center of Passaic\" \/>\n<meta property=\"article:modified_time\" content=\"2025-01-29T14:36:28+00:00\" \/>\n<meta property=\"og:image\" content=\"http:\/\/mhcpcounseling.com\/wp-content\/uploads\/2020\/10\/Intensive-In-Community-Services-Mental-Health-Clinic-Passaic-sm.jpg\" \/>\n<meta name=\"twitter:card\" content=\"summary_large_image\" \/>\n<meta name=\"twitter:label1\" content=\"Tempo estimado de leitura\" \/>\n\t<meta name=\"twitter:data1\" content=\"2 minutos\" \/>\n<script type=\"application\/ld+json\" class=\"yoast-schema-graph\">{\"@context\":\"https:\/\/schema.org\",\"@graph\":[{\"@type\":\"WebPage\",\"@id\":\"https:\/\/mhcp.org\/es\/intensive-in-community-services\/\",\"url\":\"https:\/\/mhcp.org\/es\/intensive-in-community-services\/\",\"name\":\"Intensive In-Community Services - Mental Health Center of Passaic\",\"isPartOf\":{\"@id\":\"https:\/\/mhcp.org\/#website\"},\"primaryImageOfPage\":{\"@id\":\"https:\/\/mhcp.org\/es\/intensive-in-community-services\/#primaryimage\"},\"image\":{\"@id\":\"https:\/\/mhcp.org\/es\/intensive-in-community-services\/#primaryimage\"},\"thumbnailUrl\":\"http:\/\/mhcpcounseling.com\/wp-content\/uploads\/2020\/10\/Intensive-In-Community-Services-Mental-Health-Clinic-Passaic-sm.jpg\",\"datePublished\":\"2020-10-15T17:40:45+00:00\",\"dateModified\":\"2025-01-29T14:36:28+00:00\",\"description\":\"All adolescents need help navigating through their teen years. At SBYS we collaborate with the Passaic Public Schools to help your child succeed.\",\"breadcrumb\":{\"@id\":\"https:\/\/mhcp.org\/es\/intensive-in-community-services\/#breadcrumb\"},\"inLanguage\":\"pt-PT\",\"potentialAction\":[{\"@type\":\"ReadAction\",\"target\":[\"https:\/\/mhcp.org\/es\/intensive-in-community-services\/\"]}]},{\"@type\":\"ImageObject\",\"inLanguage\":\"pt-PT\",\"@id\":\"https:\/\/mhcp.org\/es\/intensive-in-community-services\/#primaryimage\",\"url\":\"http:\/\/mhcpcounseling.com\/wp-content\/uploads\/2020\/10\/Intensive-In-Community-Services-Mental-Health-Clinic-Passaic-sm.jpg\",\"contentUrl\":\"http:\/\/mhcpcounseling.com\/wp-content\/uploads\/2020\/10\/Intensive-In-Community-Services-Mental-Health-Clinic-Passaic-sm.jpg\"},{\"@type\":\"BreadcrumbList\",\"@id\":\"https:\/\/mhcp.org\/es\/intensive-in-community-services\/#breadcrumb\",\"itemListElement\":[{\"@type\":\"ListItem\",\"position\":1,\"name\":\"Home\",\"item\":\"https:\/\/mhcp.org\/\"},{\"@type\":\"ListItem\",\"position\":2,\"name\":\"Intensive In-Community Services\"}]},{\"@type\":\"WebSite\",\"@id\":\"https:\/\/mhcp.org\/#website\",\"url\":\"https:\/\/mhcp.org\/\",\"name\":\"Mental Health Center of Passaic\",\"description\":\"The Mission of the Mental Health Center of Passaic is to provide comprehensive outpatient and school- based services to children, adults and families who are experiencing emotional and\/or behavioral difficulties.\",\"potentialAction\":[{\"@type\":\"SearchAction\",\"target\":{\"@type\":\"EntryPoint\",\"urlTemplate\":\"https:\/\/mhcp.org\/?s={search_term_string}\"},\"query-input\":{\"@type\":\"PropertyValueSpecification\",\"valueRequired\":true,\"valueName\":\"search_term_string\"}}],\"inLanguage\":\"pt-PT\"}]}<\/script>\n<!-- \/ Yoast SEO plugin. -->","yoast_head_json":{"title":"Intensive In-Community Services - Mental Health Center of Passaic","description":"Todos os adolescentes precisam de ajuda para navegar na adolesc\u00eancia. Na SBYS, colaboramos com as Escolas P\u00fablicas de Passaic para ajudar seu filho a ter sucesso.","robots":{"index":"index","follow":"follow","max-snippet":"max-snippet:-1","max-image-preview":"max-image-preview:large","max-video-preview":"max-video-preview:-1"},"canonical":"https:\/\/mhcp.org\/pt\/intensive-in-community-services\/","og_locale":"pt_PT","og_type":"article","og_title":"Intensive In-Community Services - Mental Health Center of Passaic","og_description":"All adolescents need help navigating through their teen years. At SBYS we collaborate with the Passaic Public Schools to help your child succeed.","og_url":"https:\/\/mhcp.org\/pt\/intensive-in-community-services\/","og_site_name":"Mental Health Center of Passaic","article_modified_time":"2025-01-29T14:36:28+00:00","og_image":[{"url":"http:\/\/mhcpcounseling.com\/wp-content\/uploads\/2020\/10\/Intensive-In-Community-Services-Mental-Health-Clinic-Passaic-sm.jpg","type":"","width":"","height":""}],"twitter_card":"summary_large_image","twitter_misc":{"Tempo estimado de leitura":"2 minutos"},"schema":{"@context":"https:\/\/schema.org","@graph":[{"@type":"WebPage","@id":"https:\/\/mhcp.org\/es\/intensive-in-community-services\/","url":"https:\/\/mhcp.org\/es\/intensive-in-community-services\/","name":"Intensive In-Community Services - Mental Health Center of Passaic","isPartOf":{"@id":"https:\/\/mhcp.org\/#website"},"primaryImageOfPage":{"@id":"https:\/\/mhcp.org\/es\/intensive-in-community-services\/#primaryimage"},"image":{"@id":"https:\/\/mhcp.org\/es\/intensive-in-community-services\/#primaryimage"},"thumbnailUrl":"http:\/\/mhcpcounseling.com\/wp-content\/uploads\/2020\/10\/Intensive-In-Community-Services-Mental-Health-Clinic-Passaic-sm.jpg","datePublished":"2020-10-15T17:40:45+00:00","dateModified":"2025-01-29T14:36:28+00:00","description":"Todos os adolescentes precisam de ajuda para navegar na adolesc\u00eancia. Na SBYS, colaboramos com as Escolas P\u00fablicas de Passaic para ajudar seu filho a ter sucesso.","breadcrumb":{"@id":"https:\/\/mhcp.org\/es\/intensive-in-community-services\/#breadcrumb"},"inLanguage":"pt-PT","potentialAction":[{"@type":"ReadAction","target":["https:\/\/mhcp.org\/es\/intensive-in-community-services\/"]}]},{"@type":"ImageObject","inLanguage":"pt-PT","@id":"https:\/\/mhcp.org\/es\/intensive-in-community-services\/#primaryimage","url":"http:\/\/mhcpcounseling.com\/wp-content\/uploads\/2020\/10\/Intensive-In-Community-Services-Mental-Health-Clinic-Passaic-sm.jpg","contentUrl":"http:\/\/mhcpcounseling.com\/wp-content\/uploads\/2020\/10\/Intensive-In-Community-Services-Mental-Health-Clinic-Passaic-sm.jpg"},{"@type":"BreadcrumbList","@id":"https:\/\/mhcp.org\/es\/intensive-in-community-services\/#breadcrumb","itemListElement":[{"@type":"ListItem","position":1,"name":"Home","item":"https:\/\/mhcp.org\/"},{"@type":"ListItem","position":2,"name":"Intensive In-Community Services"}]},{"@type":"WebSite","@id":"https:\/\/mhcp.org\/#website","url":"https:\/\/mhcp.org\/","name":"Centro de Sa\u00fade Mental de Passaic","description":"The Mission of the Mental Health Center of Passaic is to provide comprehensive outpatient and school- based services to children, adults and families who are experiencing emotional and\/or behavioral difficulties.","potentialAction":[{"@type":"SearchAction","target":{"@type":"EntryPoint","urlTemplate":"https:\/\/mhcp.org\/?s={search_term_string}"},"query-input":{"@type":"PropertyValueSpecification","valueRequired":true,"valueName":"search_term_string"}}],"inLanguage":"pt-PT"}]}},"_links":{"self":[{"href":"https:\/\/mhcp.org\/pt\/wp-json\/wp\/v2\/pages\/481","targetHints":{"allow":["GET"]}}],"collection":[{"href":"https:\/\/mhcp.org\/pt\/wp-json\/wp\/v2\/pages"}],"about":[{"href":"https:\/\/mhcp.org\/pt\/wp-json\/wp\/v2\/types\/page"}],"author":[{"embeddable":true,"href":"https:\/\/mhcp.org\/pt\/wp-json\/wp\/v2\/users\/1"}],"replies":[{"embeddable":true,"href":"https:\/\/mhcp.org\/pt\/wp-json\/wp\/v2\/comments?post=481"}],"version-history":[{"count":10,"href":"https:\/\/mhcp.org\/pt\/wp-json\/wp\/v2\/pages\/481\/revisions"}],"predecessor-version":[{"id":5283,"href":"https:\/\/mhcp.org\/pt\/wp-json\/wp\/v2\/pages\/481\/revisions\/5283"}],"wp:attachment":[{"href":"https:\/\/mhcp.org\/pt\/wp-json\/wp\/v2\/media?parent=481"}],"curies":[{"name":"wp","href":"https:\/\/api.w.org\/{rel}","templated":true}]}}